{"id":8,"date":"2020-08-17T09:44:10","date_gmt":"2020-08-17T12:44:10","guid":{"rendered":"https:\/\/frechalarquitetura.com.br\/?page_id=8"},"modified":"2020-08-31T09:32:42","modified_gmt":"2020-08-31T12:32:42","slug":"escritorio","status":"publish","type":"page","link":"https:\/\/frechalarquitetura.com.br\/index.php\/escritorio\/","title":{"rendered":"Escrit\u00f3rio"},"content":{"rendered":"","protected":false},"excerpt":{"rendered":"","protected":false},"author":1,"featured_media":0,"parent":0,"menu_order":0,"comment_status":"closed","ping_status":"closed","template":"pages\/page-escritorio.php","meta":[],"yoast_head":"<!-- This site is optimized with the Yoast SEO plugin v14.8.1 - https:\/\/yoast.com\/wordpress\/plugins\/seo\/ -->\r\n<title>Escrit\u00f3rio - Frechal Arquitetura<\/title>\r\n<meta name=\"description\" content=\"A Frechal tem in\u00edcio em 2001, quando os arquitetos Mariana Mendes Frison e Gustavo Andr\u00e9 Gon\u00e7alves se uniam para desenvolver projetos em parceria nas horas vagas dos trabalhos de faculdade.\" \/>\r\n<meta name=\"robots\" content=\"index, follow\" \/>\r\n<meta name=\"googlebot\" content=\"index, follow, max-snippet:-1, max-image-preview:large, max-video-preview:-1\" \/>\r\n<meta name=\"bingbot\" content=\"index, follow, max-snippet:-1, max-image-preview:large, max-video-preview:-1\" \/>\r\n<link rel=\"canonical\" href=\"https:\/\/frechalarquitetura.com.br\/index.php\/escritorio\/\" \/>\r\n<meta property=\"og:locale\" content=\"pt_BR\" \/>\r\n<meta property=\"og:type\" content=\"article\" \/>\r\n<meta property=\"og:title\" content=\"Escrit\u00f3rio - Frechal Arquitetura\" \/>\r\n<meta property=\"og:description\" content=\"A Frechal tem in\u00edcio em 2001, quando os arquitetos Mariana Mendes Frison e Gustavo Andr\u00e9 Gon\u00e7alves se uniam para desenvolver projetos em parceria nas horas vagas dos trabalhos de faculdade.\" \/>\r\n<meta property=\"og:url\" content=\"https:\/\/frechalarquitetura.com.br\/index.php\/escritorio\/\" \/>\r\n<meta property=\"og:site_name\" content=\"Frechal Arquitetura\" \/>\r\n<meta property=\"article:publisher\" content=\"https:\/\/www.facebook.com\/frechalarquitetura\/?fref=nf\" \/>\r\n<meta property=\"article:modified_time\" content=\"2020-08-31T12:32:42+00:00\" \/>\r\n<meta name=\"twitter:card\" content=\"summary_large_image\" \/>\r\n<script type=\"application\/ld+json\" class=\"yoast-schema-graph\">{\"@context\":\"https:\/\/schema.org\",\"@graph\":[{\"@type\":\"WebSite\",\"@id\":\"https:\/\/frechalarquitetura.com.br\/#website\",\"url\":\"https:\/\/frechalarquitetura.com.br\/\",\"name\":\"Frechal Arquitetura\",\"description\":\"unificando sonho a realidade.\",\"potentialAction\":[{\"@type\":\"SearchAction\",\"target\":\"https:\/\/frechalarquitetura.com.br\/?s={search_term_string}\",\"query-input\":\"required name=search_term_string\"}],\"inLanguage\":\"pt-BR\"},{\"@type\":\"WebPage\",\"@id\":\"https:\/\/frechalarquitetura.com.br\/index.php\/escritorio\/#webpage\",\"url\":\"https:\/\/frechalarquitetura.com.br\/index.php\/escritorio\/\",\"name\":\"Escrit\\u00f3rio - Frechal Arquitetura\",\"isPartOf\":{\"@id\":\"https:\/\/frechalarquitetura.com.br\/#website\"},\"datePublished\":\"2020-08-17T12:44:10+00:00\",\"dateModified\":\"2020-08-31T12:32:42+00:00\",\"description\":\"A Frechal tem in\\u00edcio em 2001, quando os arquitetos Mariana Mendes Frison e Gustavo Andr\\u00e9 Gon\\u00e7alves se uniam para desenvolver projetos em parceria nas horas vagas dos trabalhos de faculdade.\",\"inLanguage\":\"pt-BR\",\"potentialAction\":[{\"@type\":\"ReadAction\",\"target\":[\"https:\/\/frechalarquitetura.com.br\/index.php\/escritorio\/\"]}]}]}<\/script>\r\n<!-- \/ Yoast SEO plugin. -->","_links":{"self":[{"href":"https:\/\/frechalarquitetura.com.br\/index.php\/wp-json\/wp\/v2\/pages\/8"}],"collection":[{"href":"https:\/\/frechalarquitetura.com.br\/index.php\/wp-json\/wp\/v2\/pages"}],"about":[{"href":"https:\/\/frechalarquitetura.com.br\/index.php\/wp-json\/wp\/v2\/types\/page"}],"author":[{"embeddable":true,"href":"https:\/\/frechalarquitetura.com.br\/index.php\/wp-json\/wp\/v2\/users\/1"}],"replies":[{"embeddable":true,"href":"https:\/\/frechalarquitetura.com.br\/index.php\/wp-json\/wp\/v2\/comments?post=8"}],"version-history":[{"count":6,"href":"https:\/\/frechalarquitetura.com.br\/index.php\/wp-json\/wp\/v2\/pages\/8\/revisions"}],"predecessor-version":[{"id":54,"href":"https:\/\/frechalarquitetura.com.br\/index.php\/wp-json\/wp\/v2\/pages\/8\/revisions\/54"}],"wp:attachment":[{"href":"https:\/\/frechalarquitetura.com.br\/index.php\/wp-json\/wp\/v2\/media?parent=8"}],"curies":[{"name":"wp","href":"https:\/\/api.w.org\/{rel}","templated":true}]}}